{"id":37,"date":"2023-01-17T11:52:07","date_gmt":"2023-01-17T11:52:07","guid":{"rendered":"http:\/\/teknokim.com\/?page_id=37"},"modified":"2023-01-17T18:36:19","modified_gmt":"2023-01-17T18:36:19","slug":"iletisim","status":"publish","type":"page","link":"http:\/\/teknokim.com\/fr\/iletisim\/","title":{"rendered":"CONTACTEZ-NOUS"},"content":{"rendered":"<p><strong>Teknological Chemicals Industry and Trade Limited Company<\/strong><\/p>\n\n\n\n<p><br><strong>K\u0131z\u0131ltoprak R\u00fc\u015ftiye Sok. No : 7\/A<br>34725 Istanbul \/ TURQUIE<\/strong><\/p>\n\n\n\n<p><strong>+90 216 418 76 50<br>teknokim@teknokim.com<\/strong><\/p>\n\n\n\n<p><\/p>","protected":false},"excerpt":{"rendered":"<p>Teknolojik Kimyasallar Sanayi ve Ticaret Limited \u015eirketi K\u0131z\u0131ltoprak R\u00fc\u015ftiye Sok. No: 7\/A34725 Istanbul \/ T\u00dcRK\u0130YE +90 216 418 76 50teknokim@teknokim.com<\/p>","protected":false},"author":1,"featured_media":0,"parent":0,"menu_order":0,"comment_status":"closed","ping_status":"closed","template":"","meta":{"footnotes":""},"class_list":["post-37","page","type-page","status-publish","hentry"],"_links":{"self":[{"href":"http:\/\/teknokim.com\/fr\/wp-json\/wp\/v2\/pages\/37","targetHints":{"allow":["GET"]}}],"collection":[{"href":"http:\/\/teknokim.com\/fr\/wp-json\/wp\/v2\/pages"}],"about":[{"href":"http:\/\/teknokim.com\/fr\/wp-json\/wp\/v2\/types\/page"}],"author":[{"embeddable":true,"href":"http:\/\/teknokim.com\/fr\/wp-json\/wp\/v2\/users\/1"}],"replies":[{"embeddable":true,"href":"http:\/\/teknokim.com\/fr\/wp-json\/wp\/v2\/comments?post=37"}],"version-history":[{"count":11,"href":"http:\/\/teknokim.com\/fr\/wp-json\/wp\/v2\/pages\/37\/revisions"}],"predecessor-version":[{"id":84,"href":"http:\/\/teknokim.com\/fr\/wp-json\/wp\/v2\/pages\/37\/revisions\/84"}],"wp:attachment":[{"href":"http:\/\/teknokim.com\/fr\/wp-json\/wp\/v2\/media?parent=37"}],"curies":[{"name":"wp","href":"https:\/\/api.w.org\/{rel}","templated":true}]}}