{"id":2,"date":"2016-05-10T03:48:21","date_gmt":"2016-05-10T03:48:21","guid":{"rendered":"http:\/\/teknokim.com\/?page_id=2"},"modified":"2026-03-26T17:37:59","modified_gmt":"2026-03-26T17:37:59","slug":"hakkimizda","status":"publish","type":"page","link":"http:\/\/teknokim.com\/fr\/","title":{"rendered":"\u00c0 PROPOS DE NOUS"},"content":{"rendered":"<p>Fournisseur fiable de produits chimiques industriels et de solutions pour les mati\u00e8res premi\u00e8res. Produits chimiques de qualit\u00e9 avec Teknokim.<\/p>\n\n\n\n<p><strong>TEKNOKIM<\/strong>, a \u00e9t\u00e9 cr\u00e9\u00e9e en octobre 1997 par un groupe d'ing\u00e9nieurs chimistes professionnels. Dot\u00e9e des connaissances n\u00e9cessaires et d'une vaste exp\u00e9rience, l'entreprise op\u00e8re dans diff\u00e9rents domaines du secteur de la technologie chimique. \u00c0 titre d'exemple, nous pouvons citer les travaux de construction et d'application de peinture, d'alkyde, d'\u00e9mulsion (PVA, acrylate, versatate, etc.), d'ur\u00e9e-formald\u00e9hyde, de colle et d'entreprises de peinture de bo\u00eetes m\u00e9talliques.<\/p>\n\n\n\n<p>Outre son march\u00e9 local en Turquie <strong>TEKNOKIM<\/strong>, a pr\u00e9par\u00e9 de nombreuses unit\u00e9s et op\u00e9rations cl\u00e9s en main en Belgique, au Portugal, en Alg\u00e9rie, au Maroc et en Tunisie.<\/p>\n\n\n\n<p><\/p>","protected":false},"excerpt":{"rendered":"<p>End\u00fcstriyel kimyasallar ve hammadde \u00e7\u00f6z\u00fcmlerinde g\u00fcvenilir tedarik\u00e7i. Teknokim ile kaliteli kimyasal \u00fcr\u00fcnler. TEKNOKIM, 1997 y\u0131l\u0131n\u0131n Ekim ay\u0131nda, profesyonel bir grup kimya m\u00fchendisi taraf\u0131ndan kurulmu\u015ftur. Gerekli bilgi da\u011farc\u0131\u011f\u0131 ve geni\u015f bir tecr\u00fcbe birikimiyle donan\u0131m\u0131n verdi\u011fi avantajla firma, kimyasal teknoloji sekt\u00f6r\u00fcn\u00fcn \u00e7e\u015fitli alanlar\u0131nda faaliyet g\u00f6stermektedir. Hizmetlerimize \u00f6rnek olarak, boya, alkid, em\u00fclsiyon (PVA, [&hellip;]<\/p>\n","protected":false},"author":1,"featured_media":0,"parent":0,"menu_order":0,"comment_status":"closed","ping_status":"open","template":"","meta":{"footnotes":""},"class_list":["post-2","page","type-page","status-publish","hentry"],"_links":{"self":[{"href":"http:\/\/teknokim.com\/fr\/wp-json\/wp\/v2\/pages\/2","targetHints":{"allow":["GET"]}}],"collection":[{"href":"http:\/\/teknokim.com\/fr\/wp-json\/wp\/v2\/pages"}],"about":[{"href":"http:\/\/teknokim.com\/fr\/wp-json\/wp\/v2\/types\/page"}],"author":[{"embeddable":true,"href":"http:\/\/teknokim.com\/fr\/wp-json\/wp\/v2\/users\/1"}],"replies":[{"embeddable":true,"href":"http:\/\/teknokim.com\/fr\/wp-json\/wp\/v2\/comments?post=2"}],"version-history":[{"count":5,"href":"http:\/\/teknokim.com\/fr\/wp-json\/wp\/v2\/pages\/2\/revisions"}],"predecessor-version":[{"id":176,"href":"http:\/\/teknokim.com\/fr\/wp-json\/wp\/v2\/pages\/2\/revisions\/176"}],"wp:attachment":[{"href":"http:\/\/teknokim.com\/fr\/wp-json\/wp\/v2\/media?parent=2"}],"curies":[{"name":"wp","href":"https:\/\/api.w.org\/{rel}","templated":true}]}}