{"id":198,"date":"2026-03-26T16:46:20","date_gmt":"2026-03-26T16:46:20","guid":{"rendered":"http:\/\/teknokim.com\/?page_id=198"},"modified":"2026-03-26T18:00:30","modified_gmt":"2026-03-26T18:00:30","slug":"tadilat-ve-bakim","status":"publish","type":"page","link":"http:\/\/teknokim.com\/fr\/tadilat-ve-bakim\/","title":{"rendered":"R\u00c9NOVATION ET ENTRETIEN"},"content":{"rendered":"<p><\/p>\n\n\n\n<p>Pour un fonctionnement ininterrompu et efficace des installations de production <strong>services d'entretien et de r\u00e9novation<\/strong> est d'une grande importance. Teknokim propose des solutions rapides et efficaces en mati\u00e8re de maintenance planifi\u00e9e, de d\u00e9pannage et de travaux de modernisation.<\/p>\n\n\n\n<p>Nous \u00e9laborons des strat\u00e9gies de maintenance globales pour am\u00e9liorer les performances des \u00e9quipements, prolonger leur dur\u00e9e de vie et minimiser les temps d'arr\u00eat potentiels. Nous apportons \u00e9galement notre soutien au renouvellement et \u00e0 l'optimisation des syst\u00e8mes existants.<\/p>\n\n\n\n<p>Nous proposons des solutions de maintenance professionnelle pour assurer la continuit\u00e9 de votre activit\u00e9.<\/p>","protected":false},"excerpt":{"rendered":"<p>\u00dcretim tesislerinin kesintisiz ve verimli \u00e7al\u0131\u015fabilmesi i\u00e7in bak\u0131m ve tadilat hizmetleri b\u00fcy\u00fck \u00f6nem ta\u015f\u0131r. Teknokim, planl\u0131 bak\u0131m, ar\u0131za giderme ve modernizasyon \u00e7al\u0131\u015fmalar\u0131nda h\u0131zl\u0131 ve etkili \u00e7\u00f6z\u00fcmler sunar. Ekipmanlar\u0131n performans\u0131n\u0131 art\u0131rmak, \u00f6mr\u00fcn\u00fc uzatmak ve olas\u0131 duru\u015flar\u0131 minimize etmek i\u00e7in kapsaml\u0131 bak\u0131m stratejileri geli\u015ftiriyoruz. Ayn\u0131 zamanda mevcut sistemlerin yenilenmesi ve iyile\u015ftirilmesi konusunda [&hellip;]<\/p>\n","protected":false},"author":1,"featured_media":0,"parent":0,"menu_order":0,"comment_status":"closed","ping_status":"closed","template":"","meta":{"footnotes":""},"class_list":["post-198","page","type-page","status-publish","hentry"],"_links":{"self":[{"href":"http:\/\/teknokim.com\/fr\/wp-json\/wp\/v2\/pages\/198","targetHints":{"allow":["GET"]}}],"collection":[{"href":"http:\/\/teknokim.com\/fr\/wp-json\/wp\/v2\/pages"}],"about":[{"href":"http:\/\/teknokim.com\/fr\/wp-json\/wp\/v2\/types\/page"}],"author":[{"embeddable":true,"href":"http:\/\/teknokim.com\/fr\/wp-json\/wp\/v2\/users\/1"}],"replies":[{"embeddable":true,"href":"http:\/\/teknokim.com\/fr\/wp-json\/wp\/v2\/comments?post=198"}],"version-history":[{"count":1,"href":"http:\/\/teknokim.com\/fr\/wp-json\/wp\/v2\/pages\/198\/revisions"}],"predecessor-version":[{"id":199,"href":"http:\/\/teknokim.com\/fr\/wp-json\/wp\/v2\/pages\/198\/revisions\/199"}],"wp:attachment":[{"href":"http:\/\/teknokim.com\/fr\/wp-json\/wp\/v2\/media?parent=198"}],"curies":[{"name":"wp","href":"https:\/\/api.w.org\/{rel}","templated":true}]}}