{"id":196,"date":"2026-03-26T16:45:12","date_gmt":"2026-03-26T16:45:12","guid":{"rendered":"http:\/\/teknokim.com\/?page_id=196"},"modified":"2026-03-26T17:59:56","modified_gmt":"2026-03-26T17:59:56","slug":"muhendislik-servisleri","status":"publish","type":"page","link":"http:\/\/teknokim.com\/fr\/muhendislik-servisleri\/","title":{"rendered":"SERVICES D'ING\u00c9NIERIE"},"content":{"rendered":"<p><\/p>\n\n\n\n<p>Teknokim, proje bazl\u0131 veya s\u00fcrekli ihtiya\u00e7lara y\u00f6nelik <strong>m\u00fchendislik hizmetleri<\/strong> sunmaktad\u0131r. Deneyimli ekibimizle proses m\u00fchendisli\u011fi, mekanik tasar\u0131m, otomasyon ve saha uygulamalar\u0131 gibi bir\u00e7ok alanda destek sa\u011fl\u0131yoruz.<\/p>\n\n\n\n<p>Projelerin her a\u015famas\u0131nda detayl\u0131 analizler yaparak, g\u00fcvenli, verimli ve s\u00fcrd\u00fcr\u00fclebilir \u00e7\u00f6z\u00fcmler geli\u015ftiriyoruz. Uluslararas\u0131 standartlara uygun m\u00fchendislik yakla\u015f\u0131mlar\u0131m\u0131zla, m\u00fc\u015fterilerimizin operasyonel ba\u015far\u0131s\u0131na katk\u0131 sa\u011fl\u0131yoruz.<\/p>\n\n\n\n<p>Amac\u0131m\u0131z, teknik bilgi birikimimizi sahaya en do\u011fru \u015fekilde yans\u0131tarak katma de\u011fer yaratmakt\u0131r.<\/p>","protected":false},"excerpt":{"rendered":"<p>Teknokim, proje bazl\u0131 veya s\u00fcrekli ihtiya\u00e7lara y\u00f6nelik m\u00fchendislik hizmetleri sunmaktad\u0131r. Deneyimli ekibimizle proses m\u00fchendisli\u011fi, mekanik tasar\u0131m, otomasyon ve saha uygulamalar\u0131 gibi bir\u00e7ok alanda destek sa\u011fl\u0131yoruz. Projelerin her a\u015famas\u0131nda detayl\u0131 analizler yaparak, g\u00fcvenli, verimli ve s\u00fcrd\u00fcr\u00fclebilir \u00e7\u00f6z\u00fcmler geli\u015ftiriyoruz. Uluslararas\u0131 standartlara uygun m\u00fchendislik yakla\u015f\u0131mlar\u0131m\u0131zla, m\u00fc\u015fterilerimizin operasyonel ba\u015far\u0131s\u0131na katk\u0131 sa\u011fl\u0131yoruz. Amac\u0131m\u0131z, teknik bilgi [&hellip;]<\/p>\n","protected":false},"author":1,"featured_media":0,"parent":0,"menu_order":0,"comment_status":"closed","ping_status":"closed","template":"","meta":{"footnotes":""},"class_list":["post-196","page","type-page","status-publish","hentry"],"_links":{"self":[{"href":"http:\/\/teknokim.com\/fr\/wp-json\/wp\/v2\/pages\/196","targetHints":{"allow":["GET"]}}],"collection":[{"href":"http:\/\/teknokim.com\/fr\/wp-json\/wp\/v2\/pages"}],"about":[{"href":"http:\/\/teknokim.com\/fr\/wp-json\/wp\/v2\/types\/page"}],"author":[{"embeddable":true,"href":"http:\/\/teknokim.com\/fr\/wp-json\/wp\/v2\/users\/1"}],"replies":[{"embeddable":true,"href":"http:\/\/teknokim.com\/fr\/wp-json\/wp\/v2\/comments?post=196"}],"version-history":[{"count":1,"href":"http:\/\/teknokim.com\/fr\/wp-json\/wp\/v2\/pages\/196\/revisions"}],"predecessor-version":[{"id":197,"href":"http:\/\/teknokim.com\/fr\/wp-json\/wp\/v2\/pages\/196\/revisions\/197"}],"wp:attachment":[{"href":"http:\/\/teknokim.com\/fr\/wp-json\/wp\/v2\/media?parent=196"}],"curies":[{"name":"wp","href":"https:\/\/api.w.org\/{rel}","templated":true}]}}