{"id":194,"date":"2026-03-26T16:44:25","date_gmt":"2026-03-26T16:44:25","guid":{"rendered":"http:\/\/teknokim.com\/?page_id=194"},"modified":"2026-03-26T17:58:30","modified_gmt":"2026-03-26T17:58:30","slug":"genisletme-operasyonlari","status":"publish","type":"page","link":"http:\/\/teknokim.com\/fr\/genisletme-operasyonlari\/","title":{"rendered":"OP\u00c9RATIONS D'EXPANSION"},"content":{"rendered":"<p><\/p>\n\n\n\n<p>Augmenter votre capacit\u00e9 de production existante et am\u00e9liorer votre efficacit\u00e9 op\u00e9rationnelle <strong>projets d'expansion et d'augmentation de la capacit\u00e9<\/strong> Nous offrons.<\/p>\n\n\n\n<p>Teknokim analyse les installations existantes, identifie les goulets d'\u00e9tranglement et \u00e9labore le plan de solution le plus appropri\u00e9. Il fournit un soutien complet sur des questions telles que l'expansion des lignes de production, l'int\u00e9gration de nouveaux \u00e9quipements et l'optimisation des processus.<\/p>\n\n\n\n<p>Nous contribuons au processus de croissance de votre entreprise en visant une augmentation maximale de la capacit\u00e9 avec une interruption minimale.<\/p>\n\n\n\n<p><\/p>","protected":false},"excerpt":{"rendered":"<p>Mevcut \u00fcretim kapasitenizi art\u0131rmak ve operasyonel verimlili\u011finizi geli\u015ftirmek i\u00e7in geni\u015fletme ve kapasite art\u0131r\u0131m\u0131 projeleri sunuyoruz. Teknokim, mevcut tesislerin analizini yaparak darbo\u011faz noktalar\u0131n\u0131 belirler ve en uygun \u00e7\u00f6z\u00fcm plan\u0131n\u0131 olu\u015fturur. \u00dcretim hatlar\u0131n\u0131n b\u00fcy\u00fct\u00fclmesi, yeni ekipman entegrasyonu ve proses optimizasyonu gibi konularda kapsaml\u0131 destek sa\u011flar. Minimum kesinti ile maksimum kapasite art\u0131\u015f\u0131 hedefleyerek, [&hellip;]<\/p>\n","protected":false},"author":1,"featured_media":0,"parent":0,"menu_order":0,"comment_status":"closed","ping_status":"closed","template":"","meta":{"footnotes":""},"class_list":["post-194","page","type-page","status-publish","hentry"],"_links":{"self":[{"href":"http:\/\/teknokim.com\/fr\/wp-json\/wp\/v2\/pages\/194","targetHints":{"allow":["GET"]}}],"collection":[{"href":"http:\/\/teknokim.com\/fr\/wp-json\/wp\/v2\/pages"}],"about":[{"href":"http:\/\/teknokim.com\/fr\/wp-json\/wp\/v2\/types\/page"}],"author":[{"embeddable":true,"href":"http:\/\/teknokim.com\/fr\/wp-json\/wp\/v2\/users\/1"}],"replies":[{"embeddable":true,"href":"http:\/\/teknokim.com\/fr\/wp-json\/wp\/v2\/comments?post=194"}],"version-history":[{"count":1,"href":"http:\/\/teknokim.com\/fr\/wp-json\/wp\/v2\/pages\/194\/revisions"}],"predecessor-version":[{"id":195,"href":"http:\/\/teknokim.com\/fr\/wp-json\/wp\/v2\/pages\/194\/revisions\/195"}],"wp:attachment":[{"href":"http:\/\/teknokim.com\/fr\/wp-json\/wp\/v2\/media?parent=194"}],"curies":[{"name":"wp","href":"https:\/\/api.w.org\/{rel}","templated":true}]}}