{"id":192,"date":"2026-03-26T16:43:20","date_gmt":"2026-03-26T16:43:20","guid":{"rendered":"http:\/\/teknokim.com\/?page_id=192"},"modified":"2026-03-26T17:57:59","modified_gmt":"2026-03-26T17:57:59","slug":"formulasyonlar","status":"publish","type":"page","link":"http:\/\/teknokim.com\/fr\/formulasyonlar\/","title":{"rendered":"FORMULATIONS"},"content":{"rendered":"<p><\/p>\n\n\n\n<p>Teknokim, pour diff\u00e9rents secteurs <strong>formulations chimiques personnalis\u00e9es<\/strong> est sp\u00e9cialis\u00e9e dans le d\u00e9veloppement. Gr\u00e2ce \u00e0 notre approche ax\u00e9e sur la R&amp;D, nous cr\u00e9ons des produits performants et comp\u00e9titifs qui r\u00e9pondent aux besoins de nos clients.<\/p>\n\n\n\n<p>Dans le cadre du processus de d\u00e9veloppement de la formulation, nous proc\u00e9dons m\u00e9ticuleusement \u00e0 la s\u00e9lection des mati\u00e8res premi\u00e8res, aux essais en laboratoire, \u00e0 la production pilote et aux \u00e9tapes de mise \u00e0 l'\u00e9chelle. Nous sommes votre partenaire pour l'am\u00e9lioration des produits existants ou le d\u00e9veloppement de nouveaux produits \u00e0 partir de z\u00e9ro.<\/p>\n\n\n\n<p>Notre objectif est de d\u00e9velopper des formulations qui offrent des r\u00e9sultats optimaux tant sur le plan technique que commercial.<\/p>","protected":false},"excerpt":{"rendered":"<p>Teknokim, farkl\u0131 sekt\u00f6rlere y\u00f6nelik \u00f6zelle\u015ftirilmi\u015f kimyasal form\u00fclasyonlar geli\u015ftirme konusunda uzmanla\u015fm\u0131\u015ft\u0131r. Ar-Ge odakl\u0131 yakla\u015f\u0131m\u0131m\u0131zla, m\u00fc\u015fterilerimizin ihtiya\u00e7lar\u0131na uygun, y\u00fcksek performansl\u0131 ve rekabet\u00e7i \u00fcr\u00fcnler ortaya \u00e7\u0131kar\u0131yoruz. Form\u00fclasyon geli\u015ftirme s\u00fcrecinde; hammadde se\u00e7imi, laboratuvar testleri, pilot \u00fcretim ve \u00f6l\u00e7eklendirme ad\u0131mlar\u0131n\u0131 titizlikle y\u00fcr\u00fct\u00fcyoruz. Mevcut \u00fcr\u00fcnlerin iyile\u015ftirilmesi veya s\u0131f\u0131rdan yeni \u00fcr\u00fcn geli\u015ftirilmesi konular\u0131nda \u00e7\u00f6z\u00fcm orta\u011f\u0131n\u0131z oluyoruz. Hedefimiz, [&hellip;]<\/p>\n","protected":false},"author":1,"featured_media":0,"parent":0,"menu_order":0,"comment_status":"closed","ping_status":"closed","template":"","meta":{"footnotes":""},"class_list":["post-192","page","type-page","status-publish","hentry"],"_links":{"self":[{"href":"http:\/\/teknokim.com\/fr\/wp-json\/wp\/v2\/pages\/192","targetHints":{"allow":["GET"]}}],"collection":[{"href":"http:\/\/teknokim.com\/fr\/wp-json\/wp\/v2\/pages"}],"about":[{"href":"http:\/\/teknokim.com\/fr\/wp-json\/wp\/v2\/types\/page"}],"author":[{"embeddable":true,"href":"http:\/\/teknokim.com\/fr\/wp-json\/wp\/v2\/users\/1"}],"replies":[{"embeddable":true,"href":"http:\/\/teknokim.com\/fr\/wp-json\/wp\/v2\/comments?post=192"}],"version-history":[{"count":1,"href":"http:\/\/teknokim.com\/fr\/wp-json\/wp\/v2\/pages\/192\/revisions"}],"predecessor-version":[{"id":193,"href":"http:\/\/teknokim.com\/fr\/wp-json\/wp\/v2\/pages\/192\/revisions\/193"}],"wp:attachment":[{"href":"http:\/\/teknokim.com\/fr\/wp-json\/wp\/v2\/media?parent=192"}],"curies":[{"name":"wp","href":"https:\/\/api.w.org\/{rel}","templated":true}]}}