{"id":190,"date":"2026-03-26T16:42:22","date_gmt":"2026-03-26T16:42:22","guid":{"rendered":"http:\/\/teknokim.com\/?page_id=190"},"modified":"2026-03-26T17:57:08","modified_gmt":"2026-03-26T17:57:08","slug":"anahtar-teslimi-tesis-ve-isletmeler","status":"publish","type":"page","link":"http:\/\/teknokim.com\/fr\/anahtar-teslimi-tesis-ve-isletmeler\/","title":{"rendered":"INSTALLATIONS ET OP\u00c9RATIONS CL\u00c9S EN MAIN"},"content":{"rendered":"<p><\/p>\n\n\n\n<p>En tant que Teknokim, nous sommes sp\u00e9cialis\u00e9s dans les besoins de nos clients <strong>installations de production cl\u00e9s en main<\/strong> nous concevons, installons et mettons en service. Nous assurons un processus d'installation rapide et sans probl\u00e8me en g\u00e9rant toutes les \u00e9tapes, de la conception du projet \u00e0 la mise en service, \u00e0 partir d'une source unique.<\/p>\n\n\n\n<p>Gr\u00e2ce \u00e0 notre \u00e9quipe d'ing\u00e9nieurs experts, nous g\u00e9rons tous les processus, y compris la conception des proc\u00e9d\u00e9s, la s\u00e9lection des \u00e9quipements, l'assemblage, l'automatisation et la mise en service, dans le cadre d'une approche int\u00e9gr\u00e9e. Nous proposons \u00e9galement les services de formation et d'assistance technique n\u00e9cessaires pour garantir que les installations mises en place fonctionnent avec une efficacit\u00e9 maximale.<\/p>\n\n\n\n<p>Nous fournissons \u00e0 nos clients une infrastructure de production durable et efficace, et pas seulement une installation.<\/p>","protected":false},"excerpt":{"rendered":"<p>Teknokim olarak, m\u00fc\u015fterilerimizin ihtiya\u00e7lar\u0131na \u00f6zel anahtar teslimi \u00fcretim tesisleri tasarl\u0131yor, kuruyor ve devreye al\u0131yoruz. Projelendirme a\u015famas\u0131ndan i\u015fletmeye alma s\u00fcrecine kadar t\u00fcm ad\u0131mlar\u0131 tek elden y\u00f6neterek, h\u0131zl\u0131 ve sorunsuz bir kurulum s\u00fcreci sa\u011fl\u0131yoruz. Uzman m\u00fchendislik ekibimizle; proses tasar\u0131m\u0131, ekipman se\u00e7imi, montaj, otomasyon ve devreye alma dahil olmak \u00fczere t\u00fcm s\u00fcre\u00e7leri entegre [&hellip;]<\/p>\n","protected":false},"author":1,"featured_media":0,"parent":0,"menu_order":0,"comment_status":"closed","ping_status":"closed","template":"","meta":{"footnotes":""},"class_list":["post-190","page","type-page","status-publish","hentry"],"_links":{"self":[{"href":"http:\/\/teknokim.com\/fr\/wp-json\/wp\/v2\/pages\/190","targetHints":{"allow":["GET"]}}],"collection":[{"href":"http:\/\/teknokim.com\/fr\/wp-json\/wp\/v2\/pages"}],"about":[{"href":"http:\/\/teknokim.com\/fr\/wp-json\/wp\/v2\/types\/page"}],"author":[{"embeddable":true,"href":"http:\/\/teknokim.com\/fr\/wp-json\/wp\/v2\/users\/1"}],"replies":[{"embeddable":true,"href":"http:\/\/teknokim.com\/fr\/wp-json\/wp\/v2\/comments?post=190"}],"version-history":[{"count":1,"href":"http:\/\/teknokim.com\/fr\/wp-json\/wp\/v2\/pages\/190\/revisions"}],"predecessor-version":[{"id":191,"href":"http:\/\/teknokim.com\/fr\/wp-json\/wp\/v2\/pages\/190\/revisions\/191"}],"wp:attachment":[{"href":"http:\/\/teknokim.com\/fr\/wp-json\/wp\/v2\/media?parent=190"}],"curies":[{"name":"wp","href":"https:\/\/api.w.org\/{rel}","templated":true}]}}