{"id":180,"date":"2026-03-26T15:46:14","date_gmt":"2026-03-26T15:46:14","guid":{"rendered":"http:\/\/teknokim.com\/?page_id=180"},"modified":"2026-03-26T18:01:16","modified_gmt":"2026-03-26T18:01:16","slug":"urunler","status":"publish","type":"page","link":"http:\/\/teknokim.com\/fr\/urunler\/","title":{"rendered":"PRODUITS"},"content":{"rendered":"<p>Alkydes, peintures et colles, mastics, \u00e9quipements, polym\u00e8res en \u00e9mulsion, copolym\u00e8res en \u00e9mulsion (acrylique strien, acrylique vinylique, versatate de vinyle), bo\u00eetes m\u00e9talliques, n\u00e9opr\u00e8ne, cabines de peinture automobile, p\u00e2tes pigmentaires, PVA, cycliques, formald\u00e9hydes d'ur\u00e9e.<\/p>\n\n\n\n<p><\/p>","protected":false},"excerpt":{"rendered":"<p>Alkydes, peintures et colles, mastics, \u00e9quipements, polym\u00e8res en \u00e9mulsion, copolym\u00e8res en \u00e9mulsion (acrylique strien, acrylique vinylique, versatate de vinyle), bo\u00eetes m\u00e9talliques, n\u00e9opr\u00e8ne, cabines de peinture automobile, p\u00e2tes pigmentaires, PVA, cycliques, formald\u00e9hydes d'ur\u00e9e.<\/p>","protected":false},"author":1,"featured_media":0,"parent":0,"menu_order":0,"comment_status":"closed","ping_status":"closed","template":"","meta":{"footnotes":""},"class_list":["post-180","page","type-page","status-publish","hentry"],"_links":{"self":[{"href":"http:\/\/teknokim.com\/fr\/wp-json\/wp\/v2\/pages\/180","targetHints":{"allow":["GET"]}}],"collection":[{"href":"http:\/\/teknokim.com\/fr\/wp-json\/wp\/v2\/pages"}],"about":[{"href":"http:\/\/teknokim.com\/fr\/wp-json\/wp\/v2\/types\/page"}],"author":[{"embeddable":true,"href":"http:\/\/teknokim.com\/fr\/wp-json\/wp\/v2\/users\/1"}],"replies":[{"embeddable":true,"href":"http:\/\/teknokim.com\/fr\/wp-json\/wp\/v2\/comments?post=180"}],"version-history":[{"count":1,"href":"http:\/\/teknokim.com\/fr\/wp-json\/wp\/v2\/pages\/180\/revisions"}],"predecessor-version":[{"id":181,"href":"http:\/\/teknokim.com\/fr\/wp-json\/wp\/v2\/pages\/180\/revisions\/181"}],"wp:attachment":[{"href":"http:\/\/teknokim.com\/fr\/wp-json\/wp\/v2\/media?parent=180"}],"curies":[{"name":"wp","href":"https:\/\/api.w.org\/{rel}","templated":true}]}}