{"id":15,"date":"2023-01-17T10:26:06","date_gmt":"2023-01-17T10:26:06","guid":{"rendered":"http:\/\/teknokim.com\/?page_id=15"},"modified":"2026-03-26T17:59:21","modified_gmt":"2026-03-26T17:59:21","slug":"hizmetler-urunler","status":"publish","type":"page","link":"http:\/\/teknokim.com\/fr\/hizmetler-urunler\/","title":{"rendered":"NOS SERVICES"},"content":{"rendered":"<p><strong>INSTALLATIONS ET OP\u00c9RATIONS CL\u00c9S EN MAIN<br>FORMULATIONS<br>OP\u00c9RATIONS D'EXPANSION<br>SERVICES D'ING\u00c9NIERIE<br>R\u00c9NOVATION ET ENTRETIEN<\/strong><\/p>\n\n\n\n<p><strong>PRODUITS<\/strong><\/p>\n\n\n\n<p>Alkydes, peintures et colles, mastics, \u00e9quipements, polym\u00e8res en \u00e9mulsion, copolym\u00e8res en \u00e9mulsion (acrylique strien, acrylique vinylique, versatate de vinyle), bo\u00eetes m\u00e9talliques, n\u00e9opr\u00e8ne, cabines de peinture automobile, p\u00e2tes pigmentaires, PVA, cycliques, formald\u00e9hydes d'ur\u00e9e.<\/p>\n\n\n\n<p><\/p>","protected":false},"excerpt":{"rendered":"<p>ANAHTAR TESL\u0130M\u0130 TES\u0130S VE \u0130\u015eLETMELERFORM\u00dcLASYONLARGEN\u0130\u015eLETME OPERASYONLARIM\u00dcHEND\u0130SL\u0130K SERV\u0130SLER\u0130TAD\u0130LAT VE BAKIM \u00dcR\u00dcNLER Alkid, Boya ve Tutkal, Dolgu Maddeleri, Ekipmanlar, Em\u00fclsiyon Hopolimerler, Em\u00fclsiyon Kopolimerler (Strien Akrilik, Vinil Akrilik, Vinil Versatat), Metalik Kutular, Neopren, Otomobil Boyama Kabinleri, Pigment Macunlar\u0131, PVA, Sikatifler, \u00dcre Formaldehitler<\/p>","protected":false},"author":1,"featured_media":0,"parent":0,"menu_order":0,"comment_status":"closed","ping_status":"closed","template":"","meta":{"footnotes":""},"class_list":["post-15","page","type-page","status-publish","hentry"],"_links":{"self":[{"href":"http:\/\/teknokim.com\/fr\/wp-json\/wp\/v2\/pages\/15","targetHints":{"allow":["GET"]}}],"collection":[{"href":"http:\/\/teknokim.com\/fr\/wp-json\/wp\/v2\/pages"}],"about":[{"href":"http:\/\/teknokim.com\/fr\/wp-json\/wp\/v2\/types\/page"}],"author":[{"embeddable":true,"href":"http:\/\/teknokim.com\/fr\/wp-json\/wp\/v2\/users\/1"}],"replies":[{"embeddable":true,"href":"http:\/\/teknokim.com\/fr\/wp-json\/wp\/v2\/comments?post=15"}],"version-history":[{"count":6,"href":"http:\/\/teknokim.com\/fr\/wp-json\/wp\/v2\/pages\/15\/revisions"}],"predecessor-version":[{"id":165,"href":"http:\/\/teknokim.com\/fr\/wp-json\/wp\/v2\/pages\/15\/revisions\/165"}],"wp:attachment":[{"href":"http:\/\/teknokim.com\/fr\/wp-json\/wp\/v2\/media?parent=15"}],"curies":[{"name":"wp","href":"https:\/\/api.w.org\/{rel}","templated":true}]}}