{"id":12,"date":"2023-01-17T10:24:04","date_gmt":"2023-01-17T10:24:04","guid":{"rendered":"http:\/\/teknokim.com\/?page_id=12"},"modified":"2023-02-13T11:07:29","modified_gmt":"2023-02-13T11:07:29","slug":"referanslar","status":"publish","type":"page","link":"http:\/\/teknokim.com\/fr\/referanslar\/","title":{"rendered":"R\u00c9F\u00c9RENCES"},"content":{"rendered":"<p><\/p>\n\n\n\n<p><\/p>\n\n\n\n<p><strong>BELGIQUE<\/strong><\/p>\n\n\n\n<p>Adpo<br>Locatank<\/p>\n\n\n\n<p><\/p>\n\n\n\n<p><\/p>\n\n\n\n<p><strong>EGYPTE<\/strong><\/p>\n\n\n\n<p>Propeint<br>TeknoMekane<br>Middy Peinture<br>Diprocard<br>Logo Faecob<br>Sacoline<br>Eco-Sud<\/p>\n\n\n\n<p><\/p>\n\n\n\n<p><\/p>\n\n\n\n<p><strong>SAF<\/strong><\/p>\n\n\n\n<p>Optima Chimie<br>Atlas Peinture<\/p>\n\n\n\n<p><\/p>\n\n\n\n<p><\/p>\n\n\n\n<p><strong>FRANCE<\/strong><\/p>\n\n\n\n<p>Sieso<\/p>\n\n\n\n<p><\/p>\n\n\n\n<p><\/p>\n\n\n\n<p><strong>ESPAGNE<\/strong><\/p>\n\n\n\n<p>Forestal Del Atlantico<\/p>\n\n\n\n<p><\/p>\n\n\n\n<p><\/p>\n\n\n\n<p><strong>TUNISIE<\/strong><\/p>\n\n\n\n<p>Polisan Tunisie<\/p>\n\n\n\n<p><\/p>\n\n\n\n<p><\/p>\n\n\n\n<p><strong>TURQUIE<\/strong><\/p>\n\n\n\n<p>Polisan Kimya<br>\u00c7amsan<\/p>\n\n\n\n<p><\/p>\n\n\n\n<p><\/p>\n\n\n\n<p><\/p>\n\n\n\n<p><\/p>\n\n\n\n<p><\/p>","protected":false},"excerpt":{"rendered":"<p>BEL\u00c7\u0130KA AdpoLocatank CEZAY\u0130R PropeintTeknoMekaneMiddy PeintureDiprocardFaecob LogoSacolinEco-Sud FAS Optima ChimieAtlas Peinture FRANSA Sieso \u0130SPANYA Forestal Del Atlantico TUNUS Polisan Tunisie T\u00dcRK\u0130YE Polisan Kimya\u00c7amsan<\/p>","protected":false},"author":1,"featured_media":0,"parent":0,"menu_order":0,"comment_status":"closed","ping_status":"closed","template":"","meta":{"footnotes":""},"class_list":["post-12","page","type-page","status-publish","hentry"],"_links":{"self":[{"href":"http:\/\/teknokim.com\/fr\/wp-json\/wp\/v2\/pages\/12","targetHints":{"allow":["GET"]}}],"collection":[{"href":"http:\/\/teknokim.com\/fr\/wp-json\/wp\/v2\/pages"}],"about":[{"href":"http:\/\/teknokim.com\/fr\/wp-json\/wp\/v2\/types\/page"}],"author":[{"embeddable":true,"href":"http:\/\/teknokim.com\/fr\/wp-json\/wp\/v2\/users\/1"}],"replies":[{"embeddable":true,"href":"http:\/\/teknokim.com\/fr\/wp-json\/wp\/v2\/comments?post=12"}],"version-history":[{"count":7,"href":"http:\/\/teknokim.com\/fr\/wp-json\/wp\/v2\/pages\/12\/revisions"}],"predecessor-version":[{"id":144,"href":"http:\/\/teknokim.com\/fr\/wp-json\/wp\/v2\/pages\/12\/revisions\/144"}],"wp:attachment":[{"href":"http:\/\/teknokim.com\/fr\/wp-json\/wp\/v2\/media?parent=12"}],"curies":[{"name":"wp","href":"https:\/\/api.w.org\/{rel}","templated":true}]}}